{"id":484,"date":"2019-11-11T16:37:34","date_gmt":"2019-11-11T15:37:34","guid":{"rendered":"http:\/\/www.ader59.fr\/?page_id=484"},"modified":"2019-11-11T16:37:34","modified_gmt":"2019-11-11T15:37:34","slug":"outils-pedagogiques-specifiques-aux-tsa","status":"publish","type":"page","link":"https:\/\/www.ader59.fr\/index.php\/outils-pedagogiques-specifiques-aux-tsa\/","title":{"rendered":"OUTILS p\u00e9dagogiques sp\u00e9cifiques aux TSA"},"content":{"rendered":"Vous devez \u00eatre connect\u00e9 pour voir ce contenu.","protected":false},"excerpt":{"rendered":"Vous devez \u00eatre connect\u00e9 pour voir ce contenu.","protected":false},"author":1,"featured_media":0,"parent":0,"menu_order":0,"comment_status":"closed","ping_status":"closed","template":"","meta":{"_bbp_topic_count":0,"_bbp_reply_count":0,"_bbp_total_topic_count":0,"_bbp_total_reply_count":0,"_bbp_voice_count":0,"_bbp_anonymous_reply_count":0,"_bbp_topic_count_hidden":0,"_bbp_reply_count_hidden":0,"_bbp_forum_subforum_count":0,"footnotes":""},"_links":{"self":[{"href":"https:\/\/www.ader59.fr\/index.php\/wp-json\/wp\/v2\/pages\/484"}],"collection":[{"href":"https:\/\/www.ader59.fr\/index.php\/wp-json\/wp\/v2\/pages"}],"about":[{"href":"https:\/\/www.ader59.fr\/index.php\/wp-json\/wp\/v2\/types\/page"}],"author":[{"embeddable":true,"href":"https:\/\/www.ader59.fr\/index.php\/wp-json\/wp\/v2\/users\/1"}],"replies":[{"embeddable":true,"href":"https:\/\/www.ader59.fr\/index.php\/wp-json\/wp\/v2\/comments?post=484"}],"version-history":[{"count":1,"href":"https:\/\/www.ader59.fr\/index.php\/wp-json\/wp\/v2\/pages\/484\/revisions"}],"predecessor-version":[{"id":502,"href":"https:\/\/www.ader59.fr\/index.php\/wp-json\/wp\/v2\/pages\/484\/revisions\/502"}],"wp:attachment":[{"href":"https:\/\/www.ader59.fr\/index.php\/wp-json\/wp\/v2\/media?parent=484"}],"curies":[{"name":"wp","href":"https:\/\/api.w.org\/{rel}","templated":true}]}}