{"id":299,"date":"2018-05-06T11:53:43","date_gmt":"2018-05-06T09:53:43","guid":{"rendered":"http:\/\/www.ader59.fr\/?page_id=299"},"modified":"2023-06-11T22:50:33","modified_gmt":"2023-06-11T20:50:33","slug":"boite-a-outils","status":"publish","type":"page","link":"https:\/\/www.ader59.fr\/index.php\/boite-a-outils\/","title":{"rendered":"Guides par type de trouble&#8230;"},"content":{"rendered":"Vous devez \u00eatre connect\u00e9 pour voir ce contenu.","protected":false},"excerpt":{"rendered":"Vous devez \u00eatre connect\u00e9 pour voir ce contenu.","protected":false},"author":1,"featured_media":0,"parent":0,"menu_order":0,"comment_status":"closed","ping_status":"closed","template":"","meta":{"_bbp_topic_count":0,"_bbp_reply_count":0,"_bbp_total_topic_count":0,"_bbp_total_reply_count":0,"_bbp_voice_count":0,"_bbp_anonymous_reply_count":0,"_bbp_topic_count_hidden":0,"_bbp_reply_count_hidden":0,"_bbp_forum_subforum_count":0,"footnotes":""},"_links":{"self":[{"href":"https:\/\/www.ader59.fr\/index.php\/wp-json\/wp\/v2\/pages\/299"}],"collection":[{"href":"https:\/\/www.ader59.fr\/index.php\/wp-json\/wp\/v2\/pages"}],"about":[{"href":"https:\/\/www.ader59.fr\/index.php\/wp-json\/wp\/v2\/types\/page"}],"author":[{"embeddable":true,"href":"https:\/\/www.ader59.fr\/index.php\/wp-json\/wp\/v2\/users\/1"}],"replies":[{"embeddable":true,"href":"https:\/\/www.ader59.fr\/index.php\/wp-json\/wp\/v2\/comments?post=299"}],"version-history":[{"count":2,"href":"https:\/\/www.ader59.fr\/index.php\/wp-json\/wp\/v2\/pages\/299\/revisions"}],"predecessor-version":[{"id":714,"href":"https:\/\/www.ader59.fr\/index.php\/wp-json\/wp\/v2\/pages\/299\/revisions\/714"}],"wp:attachment":[{"href":"https:\/\/www.ader59.fr\/index.php\/wp-json\/wp\/v2\/media?parent=299"}],"curies":[{"name":"wp","href":"https:\/\/api.w.org\/{rel}","templated":true}]}}